{"id":2005,"date":"2024-12-12T16:39:42","date_gmt":"2024-12-12T16:39:42","guid":{"rendered":"https:\/\/bigdaddyfitness.com\/cartes-cadeaux\/"},"modified":"2025-03-14T14:19:24","modified_gmt":"2025-03-14T14:19:24","slug":"cartes-cadeaux","status":"publish","type":"page","link":"https:\/\/bigdaddyfitness.com\/fr\/cartes-cadeaux\/","title":{"rendered":"Cartes-cadeaux"},"content":{"rendered":"<p><div class=\"fusion-fullwidth fullwidth-box fusion-builder-row-1 fusion-flex-container has-pattern-background has-mask-background fusion-parallax-fixed nonhundred-percent-fullwidth non-hundred-percent-height-scrolling lazyload\" style=\"--link_color: #007c89;--awb-background-blend-mode:overlay;--awb-border-sizes-top:0px;--awb-border-sizes-bottom:0px;--awb-border-sizes-left:0px;--awb-border-sizes-right:0px;--awb-border-radius-top-left:0px;--awb-border-radius-top-right:0px;--awb-border-radius-bottom-right:0px;--awb-border-radius-bottom-left:0px;--awb-padding-top:72px;--awb-padding-right:30px;--awb-padding-bottom:72px;--awb-padding-left:30px;--awb-margin-top:0px;--awb-margin-bottom:0px;--awb-background-color:rgba(5,5,5,0.7);--awb-background-size:cover;--awb-flex-wrap:wrap;background-attachment:fixed;\" data-bg=\"https:\/\/bigdaddyfitness.com\/wp-content\/uploads\/2024\/12\/Screenshot-2024-12-06-at-12.06.45-PM.jpg\" ><div class=\"fusion-builder-row fusion-row fusion-flex-align-items-center fusion-flex-justify-content-center fusion-flex-content-wrap\" style=\"max-width:1248px;margin-left: calc(-4% \/ 2 );margin-right: calc(-4% \/ 2 );\"><div class=\"fusion-layout-column fusion_builder_column fusion-builder-column-0 fusion_builder_column_1_1 1_1 fusion-flex-column\" style=\"--awb-bg-size:cover;--awb-width-large:100%;--awb-margin-top-large:30px;--awb-spacing-right-large:1.92%;--awb-margin-bottom-large:0px;--awb-spacing-left-large:1.92%;--awb-width-medium:100%;--awb-order-medium:0;--awb-spacing-right-medium:1.92%;--awb-spacing-left-medium:1.92%;--awb-width-small:100%;--awb-order-small:0;--awb-spacing-right-small:1.92%;--awb-spacing-left-small:1.92%;\"><div class=\"fusion-column-wrapper fusion-column-has-shadow fusion-flex-justify-content-flex-start fusion-content-layout-column\"><div class=\"fusion-title title fusion-title-1 fusion-sep-none fusion-title-center fusion-title-text fusion-title-size-one\" style=\"--awb-text-color:#ffffff;--awb-margin-top:0px;--awb-margin-bottom:0px;--awb-font-size:70px;\"><h1 class=\"fusion-title-heading title-heading-center fusion-responsive-typography-calculated\" style=\"margin:0;font-size:1em;letter-spacing:-2px;text-transform:var(--awb-typography1-text-transform);--fontSize:70;line-height:1.2;\">Cartes-cadeaux<\/h1><\/div><\/div><\/div><\/div><\/div><div class=\"fusion-fullwidth fullwidth-box fusion-builder-row-2 fusion-flex-container has-pattern-background has-mask-background nonhundred-percent-fullwidth non-hundred-percent-height-scrolling\" style=\"--awb-border-radius-top-left:0px;--awb-border-radius-top-right:0px;--awb-border-radius-bottom-right:0px;--awb-border-radius-bottom-left:0px;--awb-flex-wrap:wrap;\" ><div class=\"fusion-builder-row fusion-row fusion-flex-align-items-flex-start fusion-flex-justify-content-center fusion-flex-content-wrap\" style=\"max-width:1248px;margin-left: calc(-4% \/ 2 );margin-right: calc(-4% \/ 2 );\"><div class=\"fusion-layout-column fusion_builder_column fusion-builder-column-1 fusion_builder_column_2_3 2_3 fusion-flex-column\" style=\"--awb-bg-size:cover;--awb-width-large:66.666666666667%;--awb-margin-top-large:0px;--awb-spacing-right-large:2.88%;--awb-margin-bottom-large:20px;--awb-spacing-left-large:2.88%;--awb-width-medium:66.666666666667%;--awb-order-medium:0;--awb-spacing-right-medium:2.88%;--awb-spacing-left-medium:2.88%;--awb-width-small:100%;--awb-order-small:0;--awb-spacing-right-small:1.92%;--awb-spacing-left-small:1.92%;\"><div class=\"fusion-column-wrapper fusion-column-has-shadow fusion-flex-justify-content-flex-start fusion-content-layout-column\"><div class=\"fusion-text fusion-text-1\"><h3 style=\"text-align: center;\"><strong>Offrez le cadeau du bien-\u00eatre et de la d\u00e9tente<\/strong><\/h3>\n<p>Vous cherchez le cadeau id\u00e9al pour vos proches ? Nos cartes-cadeaux vous permettent de partager facilement la joie du bien-\u00eatre et des soins personnels. Que ce soit \u00e0 l&rsquo;occasion d&rsquo;un anniversaire, d&rsquo;une f\u00eate ou tout simplement parce que, une carte-cadeau est une fa\u00e7on r\u00e9fl\u00e9chie de permettre \u00e0 quelqu&rsquo;un de choisir l&rsquo;exp\u00e9rience qui lui convient le mieux.<\/p>\n<\/div><\/div><\/div><div class=\"fusion-layout-column fusion_builder_column fusion-builder-column-2 fusion_builder_column_1_2 1_2 fusion-flex-column\" style=\"--awb-padding-top:5px;--awb-padding-right:5px;--awb-padding-bottom:5px;--awb-padding-left:5px;--awb-bg-color:var(--awb-color1);--awb-bg-color-hover:var(--awb-color1);--awb-bg-size:cover;--awb-width-large:50%;--awb-margin-top-large:0px;--awb-spacing-right-large:3.84%;--awb-margin-bottom-large:20px;--awb-spacing-left-large:3.84%;--awb-width-medium:50%;--awb-order-medium:0;--awb-spacing-right-medium:3.84%;--awb-spacing-left-medium:3.84%;--awb-width-small:100%;--awb-order-small:0;--awb-spacing-right-small:1.92%;--awb-spacing-left-small:1.92%;\" data-scroll-devices=\"small-visibility,medium-visibility,large-visibility\"><div class=\"fusion-column-wrapper fusion-column-has-shadow fusion-flex-justify-content-flex-start fusion-content-layout-column\"><script src=\"https:\/\/widgets.mindbodyonline.com\/javascripts\/healcode.js\" type=\"text\/javascript\"><\/script><healcode-widget data-version=\"0.2\" data-link-class=\"healcode-gift-card-image-link\" data-site-id=\"123219\" data-mb-site-id=\"5741279\" data-service-id=\"100046\" data-bw-identity-site=\"true\" data-type=\"gift-card-link\" data-inner-html=\"<img alt='Buy Now' src='https:\/\/bigdaddyfitness.com\/wp-content\/uploads\/2024\/12\/Screenshot-2024-12-12-at-11.33.04-AM.jpg' \/>\"><\/healcode-widget><\/div><\/div><div class=\"fusion-layout-column fusion_builder_column fusion-builder-column-3 fusion_builder_column_1_2 1_2 fusion-flex-column\" style=\"--awb-padding-top:5px;--awb-padding-right:5px;--awb-padding-bottom:5px;--awb-padding-left:5px;--awb-bg-color:var(--awb-color1);--awb-bg-color-hover:var(--awb-color1);--awb-bg-size:cover;--awb-width-large:50%;--awb-margin-top-large:0px;--awb-spacing-right-large:3.84%;--awb-margin-bottom-large:20px;--awb-spacing-left-large:3.84%;--awb-width-medium:50%;--awb-order-medium:0;--awb-spacing-right-medium:3.84%;--awb-spacing-left-medium:3.84%;--awb-width-small:100%;--awb-order-small:0;--awb-spacing-right-small:1.92%;--awb-spacing-left-small:1.92%;\" data-scroll-devices=\"small-visibility,medium-visibility,large-visibility\"><div class=\"fusion-column-wrapper fusion-column-has-shadow fusion-flex-justify-content-flex-start fusion-content-layout-column\"><script src=\"https:\/\/widgets.mindbodyonline.com\/javascripts\/healcode.js\" type=\"text\/javascript\"><\/script><healcode-widget data-version=\"0.2\" data-link-class=\"healcode-gift-card-image-link\" data-site-id=\"123219\" data-mb-site-id=\"5741279\" data-service-id=\"100060\" data-bw-identity-site=\"true\" data-type=\"gift-card-link\" data-inner-html=\"<img alt='Buy Now' src='https:\/\/bigdaddyfitness.com\/wp-content\/uploads\/2024\/12\/Screenshot-2024-12-12-at-11.36.45-AM.jpg' \/>\"><\/healcode-widget><\/div><\/div><div class=\"fusion-layout-column fusion_builder_column fusion-builder-column-4 fusion_builder_column_1_2 1_2 fusion-flex-column\" style=\"--awb-padding-top:5px;--awb-padding-right:5px;--awb-padding-bottom:5px;--awb-padding-left:5px;--awb-bg-color:var(--awb-color1);--awb-bg-color-hover:var(--awb-color1);--awb-bg-size:cover;--awb-width-large:50%;--awb-margin-top-large:0px;--awb-spacing-right-large:3.84%;--awb-margin-bottom-large:20px;--awb-spacing-left-large:3.84%;--awb-width-medium:50%;--awb-order-medium:0;--awb-spacing-right-medium:3.84%;--awb-spacing-left-medium:3.84%;--awb-width-small:100%;--awb-order-small:0;--awb-spacing-right-small:1.92%;--awb-spacing-left-small:1.92%;\" data-scroll-devices=\"small-visibility,medium-visibility,large-visibility\"><div class=\"fusion-column-wrapper fusion-column-has-shadow fusion-flex-justify-content-flex-start fusion-content-layout-column\"><script src=\"https:\/\/widgets.mindbodyonline.com\/javascripts\/healcode.js\" type=\"text\/javascript\"><\/script><healcode-widget data-version=\"0.2\" data-link-class=\"healcode-gift-card-image-link\" data-site-id=\"123219\" data-mb-site-id=\"5741279\" data-service-id=\"100047\" data-bw-identity-site=\"true\" data-type=\"gift-card-link\" data-inner-html=\"<img alt='Buy Now' src='https:\/\/bigdaddyfitness.com\/wp-content\/uploads\/2024\/12\/Screenshot-2024-12-12-at-11.36.58-AM.jpg' \/>\"><\/healcode-widget><\/div><\/div><div class=\"fusion-layout-column fusion_builder_column fusion-builder-column-5 fusion_builder_column_1_2 1_2 fusion-flex-column\" style=\"--awb-padding-top:5px;--awb-padding-right:5px;--awb-padding-bottom:5px;--awb-padding-left:5px;--awb-bg-color:var(--awb-color1);--awb-bg-color-hover:var(--awb-color1);--awb-bg-size:cover;--awb-width-large:50%;--awb-margin-top-large:0px;--awb-spacing-right-large:3.84%;--awb-margin-bottom-large:20px;--awb-spacing-left-large:3.84%;--awb-width-medium:50%;--awb-order-medium:0;--awb-spacing-right-medium:3.84%;--awb-spacing-left-medium:3.84%;--awb-width-small:100%;--awb-order-small:0;--awb-spacing-right-small:1.92%;--awb-spacing-left-small:1.92%;\" data-scroll-devices=\"small-visibility,medium-visibility,large-visibility\"><div class=\"fusion-column-wrapper fusion-column-has-shadow fusion-flex-justify-content-flex-start fusion-content-layout-column\"><script src=\"https:\/\/widgets.mindbodyonline.com\/javascripts\/healcode.js\" type=\"text\/javascript\"><\/script><healcode-widget data-version=\"0.2\" data-link-class=\"healcode-gift-card-image-link\" data-site-id=\"123219\" data-mb-site-id=\"5741279\" data-service-id=\"100061\" data-bw-identity-site=\"true\" data-type=\"gift-card-link\" data-inner-html=\"<img alt='Buy Now' src='https:\/\/bigdaddyfitness.com\/wp-content\/uploads\/2024\/12\/Screenshot-2024-12-12-at-11.37.11-AM.jpg' \/>\"><\/healcode-widget><\/div><\/div><\/div><\/div><\/p>\n","protected":false},"excerpt":{"rendered":"","protected":false},"author":2,"featured_media":1786,"parent":0,"menu_order":0,"comment_status":"closed","ping_status":"closed","template":"100-width.php","meta":{"_acf_changed":false,"content-type":"","footnotes":""},"class_list":["post-2005","page","type-page","status-publish","has-post-thumbnail","hentry"],"acf":[],"yoast_head":"<!-- This site is optimized with the Yoast SEO plugin v25.8 - https:\/\/yoast.com\/wordpress\/plugins\/seo\/ -->\n<title>Fitness Cartes-cadeaux \u00e0 Montr\u00e9al | Big Daddy Fitness<\/title>\n<meta name=\"description\" content=\"Offrez le cadeau de la sant\u00e9 et du bien-\u00eatre avec les cartes-cadeaux Big Daddy Fitness. Parfaites pour les camps d&#039;entra\u00eenement, l&#039;entra\u00eenement personnel et les cours de conditionnement physique \u00e0 Montr\u00e9al. Achetez la v\u00f4tre d\u00e8s aujourd&#039;hui !\" \/>\n<meta name=\"robots\" content=\"index, follow, max-snippet:-1, max-image-preview:large, max-video-preview:-1\" \/>\n<link rel=\"canonical\" href=\"https:\/\/bigdaddyfitness.com\/fr\/cartes-cadeaux\/\" \/>\n<meta property=\"og:locale\" content=\"fr_FR\" \/>\n<meta property=\"og:type\" content=\"article\" \/>\n<meta property=\"og:title\" content=\"Fitness Cartes-cadeaux \u00e0 Montr\u00e9al | Big Daddy Fitness\" \/>\n<meta property=\"og:description\" content=\"Offrez le cadeau de la sant\u00e9 et du bien-\u00eatre avec les cartes-cadeaux Big Daddy Fitness. Parfaites pour les camps d&#039;entra\u00eenement, l&#039;entra\u00eenement personnel et les cours de conditionnement physique \u00e0 Montr\u00e9al. Achetez la v\u00f4tre d\u00e8s aujourd&#039;hui !\" \/>\n<meta property=\"og:url\" content=\"https:\/\/bigdaddyfitness.com\/fr\/cartes-cadeaux\/\" \/>\n<meta property=\"og:site_name\" content=\"Big Daddy Fitness\" \/>\n<meta property=\"article:publisher\" content=\"https:\/\/www.facebook.com\/BigDaddyFitness\/\" \/>\n<meta property=\"article:modified_time\" content=\"2025-03-14T14:19:24+00:00\" \/>\n<meta property=\"og:image\" content=\"https:\/\/bigdaddyfitness.com\/wp-content\/uploads\/2024\/12\/Screenshot-2024-12-12-at-11.37.11-AM.jpg\" \/>\n\t<meta property=\"og:image:width\" content=\"1700\" \/>\n\t<meta property=\"og:image:height\" content=\"1134\" \/>\n\t<meta property=\"og:image:type\" content=\"image\/jpeg\" \/>\n<meta name=\"twitter:card\" content=\"summary_large_image\" \/>\n<meta name=\"twitter:label1\" content=\"Dur\u00e9e de lecture estim\u00e9e\" \/>\n\t<meta name=\"twitter:data1\" content=\"13 minutes\" \/>\n<script type=\"application\/ld+json\" class=\"yoast-schema-graph\">{\"@context\":\"https:\/\/schema.org\",\"@graph\":[{\"@type\":\"WebPage\",\"@id\":\"https:\/\/bigdaddyfitness.com\/fr\/cartes-cadeaux\/\",\"url\":\"https:\/\/bigdaddyfitness.com\/fr\/cartes-cadeaux\/\",\"name\":\"Fitness Cartes-cadeaux \u00e0 Montr\u00e9al | Big Daddy Fitness\",\"isPartOf\":{\"@id\":\"https:\/\/bigdaddyfitness.com\/fr\/#website\"},\"primaryImageOfPage\":{\"@id\":\"https:\/\/bigdaddyfitness.com\/fr\/cartes-cadeaux\/#primaryimage\"},\"image\":{\"@id\":\"https:\/\/bigdaddyfitness.com\/fr\/cartes-cadeaux\/#primaryimage\"},\"thumbnailUrl\":\"https:\/\/bigdaddyfitness.com\/wp-content\/uploads\/2024\/12\/Screenshot-2024-12-12-at-11.37.11-AM.jpg\",\"datePublished\":\"2024-12-12T16:39:42+00:00\",\"dateModified\":\"2025-03-14T14:19:24+00:00\",\"description\":\"Offrez le cadeau de la sant\u00e9 et du bien-\u00eatre avec les cartes-cadeaux Big Daddy Fitness. Parfaites pour les camps d'entra\u00eenement, l'entra\u00eenement personnel et les cours de conditionnement physique \u00e0 Montr\u00e9al. Achetez la v\u00f4tre d\u00e8s aujourd'hui !\",\"breadcrumb\":{\"@id\":\"https:\/\/bigdaddyfitness.com\/fr\/cartes-cadeaux\/#breadcrumb\"},\"inLanguage\":\"fr-FR\",\"potentialAction\":[{\"@type\":\"ReadAction\",\"target\":[\"https:\/\/bigdaddyfitness.com\/fr\/cartes-cadeaux\/\"]}]},{\"@type\":\"ImageObject\",\"inLanguage\":\"fr-FR\",\"@id\":\"https:\/\/bigdaddyfitness.com\/fr\/cartes-cadeaux\/#primaryimage\",\"url\":\"https:\/\/bigdaddyfitness.com\/wp-content\/uploads\/2024\/12\/Screenshot-2024-12-12-at-11.37.11-AM.jpg\",\"contentUrl\":\"https:\/\/bigdaddyfitness.com\/wp-content\/uploads\/2024\/12\/Screenshot-2024-12-12-at-11.37.11-AM.jpg\",\"width\":1700,\"height\":1134,\"caption\":\"Screenshot\"},{\"@type\":\"BreadcrumbList\",\"@id\":\"https:\/\/bigdaddyfitness.com\/fr\/cartes-cadeaux\/#breadcrumb\",\"itemListElement\":[{\"@type\":\"ListItem\",\"position\":1,\"name\":\"Home\",\"item\":\"https:\/\/bigdaddyfitness.com\/fr\/\"},{\"@type\":\"ListItem\",\"position\":2,\"name\":\"Cartes-cadeaux\"}]},{\"@type\":\"WebSite\",\"@id\":\"https:\/\/bigdaddyfitness.com\/fr\/#website\",\"url\":\"https:\/\/bigdaddyfitness.com\/fr\/\",\"name\":\"Big Daddy Fitness\",\"description\":\"Luxury Gym Experience in Montreal\",\"publisher\":{\"@id\":\"https:\/\/bigdaddyfitness.com\/fr\/#organization\"},\"potentialAction\":[{\"@type\":\"SearchAction\",\"target\":{\"@type\":\"EntryPoint\",\"urlTemplate\":\"https:\/\/bigdaddyfitness.com\/fr\/?s={search_term_string}\"},\"query-input\":{\"@type\":\"PropertyValueSpecification\",\"valueRequired\":true,\"valueName\":\"search_term_string\"}}],\"inLanguage\":\"fr-FR\"},{\"@type\":\"Organization\",\"@id\":\"https:\/\/bigdaddyfitness.com\/fr\/#organization\",\"name\":\"Big Daddy Fitness\",\"url\":\"https:\/\/bigdaddyfitness.com\/fr\/\",\"logo\":{\"@type\":\"ImageObject\",\"inLanguage\":\"fr-FR\",\"@id\":\"https:\/\/bigdaddyfitness.com\/fr\/#\/schema\/logo\/image\/\",\"url\":\"https:\/\/bigdaddyfitness.com\/wp-content\/uploads\/2024\/11\/cropped-Screenshot-2024-11-22-at-11.21.55-AM.jpg\",\"contentUrl\":\"https:\/\/bigdaddyfitness.com\/wp-content\/uploads\/2024\/11\/cropped-Screenshot-2024-11-22-at-11.21.55-AM.jpg\",\"width\":512,\"height\":512,\"caption\":\"Big Daddy Fitness\"},\"image\":{\"@id\":\"https:\/\/bigdaddyfitness.com\/fr\/#\/schema\/logo\/image\/\"},\"sameAs\":[\"https:\/\/www.facebook.com\/BigDaddyFitness\/\"]}]}<\/script>\n<!-- \/ Yoast SEO plugin. -->","yoast_head_json":{"title":"Fitness Cartes-cadeaux \u00e0 Montr\u00e9al | Big Daddy Fitness","description":"Offrez le cadeau de la sant\u00e9 et du bien-\u00eatre avec les cartes-cadeaux Big Daddy Fitness. Parfaites pour les camps d'entra\u00eenement, l'entra\u00eenement personnel et les cours de conditionnement physique \u00e0 Montr\u00e9al. Achetez la v\u00f4tre d\u00e8s aujourd'hui !","robots":{"index":"index","follow":"follow","max-snippet":"max-snippet:-1","max-image-preview":"max-image-preview:large","max-video-preview":"max-video-preview:-1"},"canonical":"https:\/\/bigdaddyfitness.com\/fr\/cartes-cadeaux\/","og_locale":"fr_FR","og_type":"article","og_title":"Fitness Cartes-cadeaux \u00e0 Montr\u00e9al | Big Daddy Fitness","og_description":"Offrez le cadeau de la sant\u00e9 et du bien-\u00eatre avec les cartes-cadeaux Big Daddy Fitness. Parfaites pour les camps d'entra\u00eenement, l'entra\u00eenement personnel et les cours de conditionnement physique \u00e0 Montr\u00e9al. Achetez la v\u00f4tre d\u00e8s aujourd'hui !","og_url":"https:\/\/bigdaddyfitness.com\/fr\/cartes-cadeaux\/","og_site_name":"Big Daddy Fitness","article_publisher":"https:\/\/www.facebook.com\/BigDaddyFitness\/","article_modified_time":"2025-03-14T14:19:24+00:00","og_image":[{"width":1700,"height":1134,"url":"https:\/\/bigdaddyfitness.com\/wp-content\/uploads\/2024\/12\/Screenshot-2024-12-12-at-11.37.11-AM.jpg","type":"image\/jpeg"}],"twitter_card":"summary_large_image","twitter_misc":{"Dur\u00e9e de lecture estim\u00e9e":"13 minutes"},"schema":{"@context":"https:\/\/schema.org","@graph":[{"@type":"WebPage","@id":"https:\/\/bigdaddyfitness.com\/fr\/cartes-cadeaux\/","url":"https:\/\/bigdaddyfitness.com\/fr\/cartes-cadeaux\/","name":"Fitness Cartes-cadeaux \u00e0 Montr\u00e9al | Big Daddy Fitness","isPartOf":{"@id":"https:\/\/bigdaddyfitness.com\/fr\/#website"},"primaryImageOfPage":{"@id":"https:\/\/bigdaddyfitness.com\/fr\/cartes-cadeaux\/#primaryimage"},"image":{"@id":"https:\/\/bigdaddyfitness.com\/fr\/cartes-cadeaux\/#primaryimage"},"thumbnailUrl":"https:\/\/bigdaddyfitness.com\/wp-content\/uploads\/2024\/12\/Screenshot-2024-12-12-at-11.37.11-AM.jpg","datePublished":"2024-12-12T16:39:42+00:00","dateModified":"2025-03-14T14:19:24+00:00","description":"Offrez le cadeau de la sant\u00e9 et du bien-\u00eatre avec les cartes-cadeaux Big Daddy Fitness. Parfaites pour les camps d'entra\u00eenement, l'entra\u00eenement personnel et les cours de conditionnement physique \u00e0 Montr\u00e9al. Achetez la v\u00f4tre d\u00e8s aujourd'hui !","breadcrumb":{"@id":"https:\/\/bigdaddyfitness.com\/fr\/cartes-cadeaux\/#breadcrumb"},"inLanguage":"fr-FR","potentialAction":[{"@type":"ReadAction","target":["https:\/\/bigdaddyfitness.com\/fr\/cartes-cadeaux\/"]}]},{"@type":"ImageObject","inLanguage":"fr-FR","@id":"https:\/\/bigdaddyfitness.com\/fr\/cartes-cadeaux\/#primaryimage","url":"https:\/\/bigdaddyfitness.com\/wp-content\/uploads\/2024\/12\/Screenshot-2024-12-12-at-11.37.11-AM.jpg","contentUrl":"https:\/\/bigdaddyfitness.com\/wp-content\/uploads\/2024\/12\/Screenshot-2024-12-12-at-11.37.11-AM.jpg","width":1700,"height":1134,"caption":"Screenshot"},{"@type":"BreadcrumbList","@id":"https:\/\/bigdaddyfitness.com\/fr\/cartes-cadeaux\/#breadcrumb","itemListElement":[{"@type":"ListItem","position":1,"name":"Home","item":"https:\/\/bigdaddyfitness.com\/fr\/"},{"@type":"ListItem","position":2,"name":"Cartes-cadeaux"}]},{"@type":"WebSite","@id":"https:\/\/bigdaddyfitness.com\/fr\/#website","url":"https:\/\/bigdaddyfitness.com\/fr\/","name":"Big Daddy Fitness","description":"Luxury Gym Experience in Montreal","publisher":{"@id":"https:\/\/bigdaddyfitness.com\/fr\/#organization"},"potentialAction":[{"@type":"SearchAction","target":{"@type":"EntryPoint","urlTemplate":"https:\/\/bigdaddyfitness.com\/fr\/?s={search_term_string}"},"query-input":{"@type":"PropertyValueSpecification","valueRequired":true,"valueName":"search_term_string"}}],"inLanguage":"fr-FR"},{"@type":"Organization","@id":"https:\/\/bigdaddyfitness.com\/fr\/#organization","name":"Big Daddy Fitness","url":"https:\/\/bigdaddyfitness.com\/fr\/","logo":{"@type":"ImageObject","inLanguage":"fr-FR","@id":"https:\/\/bigdaddyfitness.com\/fr\/#\/schema\/logo\/image\/","url":"https:\/\/bigdaddyfitness.com\/wp-content\/uploads\/2024\/11\/cropped-Screenshot-2024-11-22-at-11.21.55-AM.jpg","contentUrl":"https:\/\/bigdaddyfitness.com\/wp-content\/uploads\/2024\/11\/cropped-Screenshot-2024-11-22-at-11.21.55-AM.jpg","width":512,"height":512,"caption":"Big Daddy Fitness"},"image":{"@id":"https:\/\/bigdaddyfitness.com\/fr\/#\/schema\/logo\/image\/"},"sameAs":["https:\/\/www.facebook.com\/BigDaddyFitness\/"]}]}},"_links":{"self":[{"href":"https:\/\/bigdaddyfitness.com\/fr\/wp-json\/wp\/v2\/pages\/2005","targetHints":{"allow":["GET"]}}],"collection":[{"href":"https:\/\/bigdaddyfitness.com\/fr\/wp-json\/wp\/v2\/pages"}],"about":[{"href":"https:\/\/bigdaddyfitness.com\/fr\/wp-json\/wp\/v2\/types\/page"}],"author":[{"embeddable":true,"href":"https:\/\/bigdaddyfitness.com\/fr\/wp-json\/wp\/v2\/users\/2"}],"replies":[{"embeddable":true,"href":"https:\/\/bigdaddyfitness.com\/fr\/wp-json\/wp\/v2\/comments?post=2005"}],"version-history":[{"count":17,"href":"https:\/\/bigdaddyfitness.com\/fr\/wp-json\/wp\/v2\/pages\/2005\/revisions"}],"predecessor-version":[{"id":3003,"href":"https:\/\/bigdaddyfitness.com\/fr\/wp-json\/wp\/v2\/pages\/2005\/revisions\/3003"}],"wp:featuredmedia":[{"embeddable":true,"href":"https:\/\/bigdaddyfitness.com\/fr\/wp-json\/wp\/v2\/media\/1786"}],"wp:attachment":[{"href":"https:\/\/bigdaddyfitness.com\/fr\/wp-json\/wp\/v2\/media?parent=2005"}],"curies":[{"name":"wp","href":"https:\/\/api.w.org\/{rel}","templated":true}]}}