{"id":2022,"date":"2023-07-07T16:30:53","date_gmt":"2023-07-07T16:30:53","guid":{"rendered":"https:\/\/bigdaddyfitness.com\/classes\/"},"modified":"2025-09-30T00:45:06","modified_gmt":"2025-09-30T00:45:06","slug":"classes","status":"publish","type":"page","link":"https:\/\/bigdaddyfitness.com\/fr\/classes\/","title":{"rendered":"Classes"},"content":{"rendered":"<p><div class=\"fusion-fullwidth fullwidth-box fusion-builder-row-1 fusion-flex-container has-pattern-background has-mask-background fusion-parallax-none nonhundred-percent-fullwidth non-hundred-percent-height-scrolling lazyload\" style=\"--awb-background-blend-mode:overlay;--awb-border-radius-top-left:0px;--awb-border-radius-top-right:0px;--awb-border-radius-bottom-right:0px;--awb-border-radius-bottom-left:0px;--awb-padding-top:125px;--awb-padding-bottom:125px;--awb-padding-top-medium:90px;--awb-padding-bottom-medium:90px;--awb-padding-top-small:80px;--awb-padding-bottom-small:80px;--awb-background-color:rgba(5,5,5,0.7);--awb-background-size:cover;--awb-flex-wrap:wrap;\" data-bg=\"https:\/\/bigdaddyfitness.com\/wp-content\/uploads\/2024\/11\/meghan-holmes-wy_L8W0zcpI-unsplash.jpg\" ><div class=\"fusion-builder-row fusion-row fusion-flex-align-items-flex-start fusion-flex-content-wrap\" style=\"max-width:1248px;margin-left: calc(-4% \/ 2 );margin-right: calc(-4% \/ 2 );\"><div class=\"fusion-layout-column fusion_builder_column fusion-builder-column-0 fusion_builder_column_1_1 1_1 fusion-flex-column fusion-animated\" style=\"--awb-bg-size:cover;--awb-width-large:100%;--awb-margin-top-large:0px;--awb-spacing-right-large:1.92%;--awb-margin-bottom-large:0px;--awb-spacing-left-large:1.92%;--awb-width-medium:100%;--awb-order-medium:0;--awb-spacing-right-medium:1.92%;--awb-spacing-left-medium:1.92%;--awb-width-small:100%;--awb-order-small:0;--awb-spacing-right-small:1.92%;--awb-spacing-left-small:1.92%;\" data-animationType=\"fadeInUp\" data-animationDuration=\"1.3\" data-animationOffset=\"top-into-view\"><div class=\"fusion-column-wrapper fusion-column-has-shadow fusion-flex-justify-content-flex-start fusion-content-layout-column\"><div class=\"fusion-title title fusion-title-1 fusion-no-small-visibility fusion-sep-none fusion-title-center fusion-title-text fusion-title-size-one\" style=\"--awb-text-color:var(--awb-color1);--awb-margin-top:0px;--awb-margin-bottom:10px;\"><h1 class=\"fusion-title-heading title-heading-center\" style=\"margin:0;\">Classes<\/h1><\/div><div class=\"fusion-title title fusion-title-2 fusion-no-medium-visibility fusion-no-large-visibility fusion-sep-none fusion-title-center fusion-title-text fusion-title-size-one\" style=\"--awb-margin-top:0px;--awb-margin-bottom:10px;--awb-font-size:50px;\"><h1 class=\"fusion-title-heading title-heading-center\" style=\"margin:0;font-size:1em;\">Classes<\/h1><\/div><\/div><\/div><\/div><\/div><div class=\"fusion-fullwidth fullwidth-box fusion-builder-row-2 fusion-flex-container nonhundred-percent-fullwidth non-hundred-percent-height-scrolling\" style=\"--awb-border-radius-top-left:0px;--awb-border-radius-top-right:0px;--awb-border-radius-bottom-right:0px;--awb-border-radius-bottom-left:0px;--awb-padding-top:60px;--awb-background-color:var(--awb-color8);--awb-flex-wrap:wrap;\" ><div class=\"fusion-builder-row fusion-row fusion-flex-align-items-flex-start fusion-flex-content-wrap\" style=\"max-width:1248px;margin-left: calc(-4% \/ 2 );margin-right: calc(-4% \/ 2 );\"><div class=\"fusion-layout-column fusion_builder_column fusion-builder-column-1 fusion_builder_column_1_1 1_1 fusion-flex-column\" style=\"--awb-bg-size:cover;--awb-width-large:100%;--awb-margin-top-large:0px;--awb-spacing-right-large:1.92%;--awb-margin-bottom-large:20px;--awb-spacing-left-large:1.92%;--awb-width-medium:100%;--awb-order-medium:0;--awb-spacing-right-medium:1.92%;--awb-spacing-left-medium:1.92%;--awb-width-small:100%;--awb-order-small:0;--awb-spacing-right-small:1.92%;--awb-spacing-left-small:1.92%;\"><div class=\"fusion-column-wrapper fusion-column-has-shadow fusion-flex-justify-content-flex-start fusion-content-layout-column\"><!-- Mindbody Schedules widget begin --><\/p>\n<div class=\"mindbody-widget\" data-widget-type=\"Schedules\" data-widget-id=\"2425753dce9\"><\/div>\n<p><script async=\"\" src=\"https:\/\/brandedweb.mindbodyonline.com\/embed\/widget.js\"><\/script><br \/>\n<!-- Mindbody Schedules widget end --><\/div><\/div><div class=\"fusion-layout-column fusion_builder_column fusion-builder-column-2 fusion_builder_column_1_1 1_1 fusion-flex-column\" style=\"--awb-bg-size:cover;--awb-width-large:100%;--awb-margin-top-large:0px;--awb-spacing-right-large:1.92%;--awb-margin-bottom-large:80px;--awb-spacing-left-large:1.92%;--awb-width-medium:100%;--awb-order-medium:0;--awb-spacing-right-medium:1.92%;--awb-margin-bottom-medium:35px;--awb-spacing-left-medium:1.92%;--awb-width-small:100%;--awb-order-small:0;--awb-spacing-right-small:1.92%;--awb-spacing-left-small:1.92%;\"><div class=\"fusion-column-wrapper fusion-column-has-shadow fusion-flex-justify-content-flex-start fusion-content-layout-column\"><div class=\"fusion-builder-row fusion-builder-row-inner fusion-row fusion-flex-align-items-flex-start fusion-flex-content-wrap\" style=\"width:104% !important;max-width:104% !important;margin-left: calc(-4% \/ 2 );margin-right: calc(-4% \/ 2 );\"><div class=\"fusion-layout-column fusion_builder_column_inner fusion-builder-nested-column-0 fusion_builder_column_inner_1_1 1_1 fusion-flex-column\" style=\"--awb-bg-size:cover;--awb-width-large:100%;--awb-margin-top-large:0px;--awb-spacing-right-large:1.92%;--awb-margin-bottom-large:20px;--awb-spacing-left-large:1.92%;--awb-width-medium:100%;--awb-order-medium:0;--awb-spacing-right-medium:1.92%;--awb-spacing-left-medium:1.92%;--awb-width-small:100%;--awb-order-small:0;--awb-spacing-right-small:1.92%;--awb-spacing-left-small:1.92%;\"><div class=\"fusion-column-wrapper fusion-column-has-shadow fusion-flex-justify-content-center fusion-content-layout-row\"><div ><a class=\"fusion-button button-flat fusion-button-default-size button-custom fusion-button-default button-1 fusion-button-default-span fusion-button-default-type\" style=\"--button_accent_color:#111111;--button_border_color:#6b6b6b;--button_accent_hover_color:#111111;--button_border_hover_color:#d6a863;--button_border_width-top:1px;--button_border_width-right:1px;--button_border_width-bottom:1px;--button_border_width-left:1px;--button_gradient_top_color:#ffffff;--button_gradient_bottom_color:#ffffff;--button_gradient_top_color_hover:#ffffff;--button_gradient_bottom_color_hover:#ffffff;--button_text_transform:capitalize;--button_line_height:1.2;--button_typography-letter-spacing:0.015em;--button_margin-right:15px;--button_margin-bottom:20px;\" target=\"_self\" href=\"#studio\"><span class=\"fusion-button-text\">Big Daddy Studio<\/span><\/a><\/div><div ><a class=\"fusion-button button-flat fusion-button-default-size button-custom fusion-button-default button-2 fusion-button-default-span fusion-button-default-type\" style=\"--button_accent_color:#111111;--button_border_color:#6b6b6b;--button_accent_hover_color:#111111;--button_border_hover_color:#d6a863;--button_border_width-top:1px;--button_border_width-right:1px;--button_border_width-bottom:1px;--button_border_width-left:1px;--button_gradient_top_color:#ffffff;--button_gradient_bottom_color:#ffffff;--button_gradient_top_color_hover:#ffffff;--button_gradient_bottom_color_hover:#ffffff;--button_text_transform:capitalize;--button_line_height:1.2;--button_typography-letter-spacing:0.015em;--button_margin-right:15px;--button_margin-bottom:20px;\" target=\"_self\" href=\"#bootcamps\"><span class=\"fusion-button-text\">Bootcamps<\/span><\/a><\/div><div ><a class=\"fusion-button button-flat fusion-button-default-size button-custom fusion-button-default button-3 fusion-button-default-span fusion-button-default-type\" style=\"--button_accent_color:#111111;--button_border_color:#6b6b6b;--button_accent_hover_color:#111111;--button_border_hover_color:#d6a863;--button_border_width-top:1px;--button_border_width-right:1px;--button_border_width-bottom:1px;--button_border_width-left:1px;--button_gradient_top_color:#ffffff;--button_gradient_bottom_color:#ffffff;--button_gradient_top_color_hover:#ffffff;--button_gradient_bottom_color_hover:#ffffff;--button_text_transform:capitalize;--button_line_height:1.2;--button_typography-letter-spacing:0.015em;--button_margin-right:15px;--button_margin-bottom:20px;\" target=\"_self\" href=\"#pilates\"><span class=\"fusion-button-text\">pilates<\/span><\/a><\/div><\/div><\/div><\/div><\/div><\/div><div class=\"fusion-layout-column fusion_builder_column fusion-builder-column-3 fusion_builder_column_1_1 1_1 fusion-flex-column\" style=\"--awb-bg-size:cover;--awb-width-large:100%;--awb-margin-top-large:0px;--awb-spacing-right-large:1.92%;--awb-margin-bottom-large:20px;--awb-spacing-left-large:1.92%;--awb-width-medium:100%;--awb-order-medium:0;--awb-spacing-right-medium:1.92%;--awb-spacing-left-medium:1.92%;--awb-width-small:100%;--awb-order-small:0;--awb-spacing-right-small:1.92%;--awb-spacing-left-small:1.92%;\"><div class=\"fusion-column-wrapper fusion-column-has-shadow fusion-flex-justify-content-flex-start fusion-content-layout-column\"><div class=\"fusion-title title fusion-title-3 fusion-sep-none fusion-title-text fusion-title-size-two\" id=\"studio\"><h2 class=\"fusion-title-heading title-heading-left\" style=\"margin:0;\">Big Daddy Studio<\/h2><\/div><script src=\"https:\/\/widgets.mindbodyonline.com\/javascripts\/healcode.js\" type=\"text\/javascript\"><\/script><br \/>\n<healcode-widget data-type=\"class_lists\" data-widget-partner=\"object\" data-widget-id=\"2481697dce9\" data-widget-version=\"0\"><\/healcode-widget><div class=\"fusion-title title fusion-title-4 fusion-sep-none fusion-title-text fusion-title-size-two\" id=\"bootcamps\"><h2 class=\"fusion-title-heading title-heading-left\" style=\"margin:0;\">Bootcamps<\/h2><\/div><script src=\"https:\/\/widgets.mindbodyonline.com\/javascripts\/healcode.js\" type=\"text\/javascript\"><\/script><br \/>\n<healcode-widget data-type=\"class_lists\" data-widget-partner=\"object\" data-widget-id=\"2481638dce9\" data-widget-version=\"0\"><\/healcode-widget><div class=\"fusion-title title fusion-title-5 fusion-sep-none fusion-title-text fusion-title-size-two\" id=\"pilates\"><h2 class=\"fusion-title-heading title-heading-left\" style=\"margin:0;\">Pilates<\/h2><\/div><div class=\"fusion-image-element \" style=\"text-align:left;--awb-margin-bottom:25px;--awb-max-width:500px;--awb-caption-title-font-family:var(--h2_typography-font-family);--awb-caption-title-font-weight:var(--h2_typography-font-weight);--awb-caption-title-font-style:var(--h2_typography-font-style);--awb-caption-title-size:var(--h2_typography-font-size);--awb-caption-title-transform:var(--h2_typography-text-transform);--awb-caption-title-line-height:var(--h2_typography-line-height);--awb-caption-title-letter-spacing:var(--h2_typography-letter-spacing);\"><span class=\" fusion-imageframe imageframe-none imageframe-1 hover-type-none\"><a class=\"fusion-no-lightbox\" href=\"https:\/\/risepilates.ca\/\" target=\"_blank\" aria-label=\"Screenshot\" rel=\"noopener noreferrer\"><img decoding=\"async\" width=\"300\" height=\"173\" src=\"https:\/\/bigdaddyfitness.com\/wp-content\/uploads\/2025\/06\/Screenshot-2025-06-24-at-10.43.22-AM.jpg\" data-orig-src=\"https:\/\/bigdaddyfitness.com\/wp-content\/uploads\/2025\/06\/Screenshot-2025-06-24-at-10.43.22-AM-300x173.jpg\" alt class=\"lazyload img-responsive wp-image-3508\" srcset=\"data:image\/svg+xml,%3Csvg%20xmlns%3D%27http%3A%2F%2Fwww.w3.org%2F2000%2Fsvg%27%20width%3D%271238%27%20height%3D%27712%27%20viewBox%3D%270%200%201238%20712%27%3E%3Crect%20width%3D%271238%27%20height%3D%27712%27%20fill-opacity%3D%220%22%2F%3E%3C%2Fsvg%3E\" data-srcset=\"https:\/\/bigdaddyfitness.com\/wp-content\/uploads\/2025\/06\/Screenshot-2025-06-24-at-10.43.22-AM-200x115.jpg 200w, https:\/\/bigdaddyfitness.com\/wp-content\/uploads\/2025\/06\/Screenshot-2025-06-24-at-10.43.22-AM-400x230.jpg 400w, https:\/\/bigdaddyfitness.com\/wp-content\/uploads\/2025\/06\/Screenshot-2025-06-24-at-10.43.22-AM-600x345.jpg 600w, https:\/\/bigdaddyfitness.com\/wp-content\/uploads\/2025\/06\/Screenshot-2025-06-24-at-10.43.22-AM-800x460.jpg 800w, https:\/\/bigdaddyfitness.com\/wp-content\/uploads\/2025\/06\/Screenshot-2025-06-24-at-10.43.22-AM-1200x690.jpg 1200w, https:\/\/bigdaddyfitness.com\/wp-content\/uploads\/2025\/06\/Screenshot-2025-06-24-at-10.43.22-AM.jpg 1238w\" data-sizes=\"auto\" data-orig-sizes=\"(max-width: 900px) 100vw, 1200px\" \/><\/a><\/span><\/div><div ><a class=\"fusion-button button-flat fusion-button-default-size button-custom fusion-button-default button-4 fusion-button-default-span fusion-button-default-type\" style=\"--button_accent_color:#ffffff;--button_accent_hover_color:#ffffff;--button_border_hover_color:var(--awb-color1);--button-border-radius-top-left:5px;--button-border-radius-top-right:5px;--button-border-radius-bottom-right:5px;--button-border-radius-bottom-left:5px;--button_gradient_top_color:#e13333;--button_gradient_bottom_color:#e13333;--button_gradient_top_color_hover:#e13333;--button_gradient_bottom_color_hover:#e13333;--button_text_transform:capitalize;\" target=\"_blank\" rel=\"noopener noreferrer\" href=\"https:\/\/risepilates.ca\/\"><span class=\"fusion-button-text\">En savoir plus<\/span><\/a><\/div><\/div><\/div><\/div><\/div><\/p>\n","protected":false},"excerpt":{"rendered":"","protected":false},"author":2,"featured_media":2242,"parent":0,"menu_order":0,"comment_status":"closed","ping_status":"closed","template":"100-width.php","meta":{"_acf_changed":false,"content-type":"","footnotes":""},"class_list":["post-2022","page","type-page","status-publish","has-post-thumbnail","hentry"],"acf":[],"yoast_head":"<!-- This site is optimized with the Yoast SEO plugin v25.8 - https:\/\/yoast.com\/wordpress\/plugins\/seo\/ -->\n<title>Fitness Classes \u00e0 Montr\u00e9al | Big Daddy Fitness - Spinning, Pilates &amp; More<\/title>\n<meta name=\"description\" content=\"D\u00e9couvrez des cours de conditionnement physique de qualit\u00e9 sup\u00e9rieure chez Big Daddy Fitness \u00e0 Montr\u00e9al. Du spinning au pilates en passant par le bootcamps, nos entra\u00eeneurs experts et nos installations \u00e0 la fine pointe de la technologie rehausseront votre exp\u00e9rience d&#039;entra\u00eenement.\" \/>\n<meta name=\"robots\" content=\"index, follow, max-snippet:-1, max-image-preview:large, max-video-preview:-1\" \/>\n<link rel=\"canonical\" href=\"https:\/\/bigdaddyfitness.com\/fr\/classes\/\" \/>\n<meta property=\"og:locale\" content=\"fr_FR\" \/>\n<meta property=\"og:type\" content=\"article\" \/>\n<meta property=\"og:title\" content=\"Fitness Classes \u00e0 Montr\u00e9al | Big Daddy Fitness - Spinning, Pilates &amp; More\" \/>\n<meta property=\"og:description\" content=\"D\u00e9couvrez des cours de conditionnement physique de qualit\u00e9 sup\u00e9rieure chez Big Daddy Fitness \u00e0 Montr\u00e9al. Du spinning au pilates en passant par le bootcamps, nos entra\u00eeneurs experts et nos installations \u00e0 la fine pointe de la technologie rehausseront votre exp\u00e9rience d&#039;entra\u00eenement.\" \/>\n<meta property=\"og:url\" content=\"https:\/\/bigdaddyfitness.com\/fr\/classes\/\" \/>\n<meta property=\"og:site_name\" content=\"Big Daddy Fitness\" \/>\n<meta property=\"article:publisher\" content=\"https:\/\/www.facebook.com\/BigDaddyFitness\/\" \/>\n<meta property=\"article:modified_time\" content=\"2025-09-30T00:45:06+00:00\" \/>\n<meta property=\"og:image\" content=\"https:\/\/bigdaddyfitness.com\/wp-content\/uploads\/2025\/01\/off-ice-pics-Screenshot-2024-12-08-at-3.17.02-PM.jpg\" \/>\n\t<meta property=\"og:image:width\" content=\"772\" \/>\n\t<meta property=\"og:image:height\" content=\"872\" \/>\n\t<meta property=\"og:image:type\" content=\"image\/jpeg\" \/>\n<meta name=\"twitter:card\" content=\"summary_large_image\" \/>\n<meta name=\"twitter:label1\" content=\"Dur\u00e9e de lecture estim\u00e9e\" \/>\n\t<meta name=\"twitter:data1\" content=\"16 minutes\" \/>\n<script type=\"application\/ld+json\" class=\"yoast-schema-graph\">{\"@context\":\"https:\/\/schema.org\",\"@graph\":[{\"@type\":\"WebPage\",\"@id\":\"https:\/\/bigdaddyfitness.com\/fr\/classes\/\",\"url\":\"https:\/\/bigdaddyfitness.com\/fr\/classes\/\",\"name\":\"Fitness Classes \u00e0 Montr\u00e9al | Big Daddy Fitness - Spinning, Pilates & More\",\"isPartOf\":{\"@id\":\"https:\/\/bigdaddyfitness.com\/fr\/#website\"},\"primaryImageOfPage\":{\"@id\":\"https:\/\/bigdaddyfitness.com\/fr\/classes\/#primaryimage\"},\"image\":{\"@id\":\"https:\/\/bigdaddyfitness.com\/fr\/classes\/#primaryimage\"},\"thumbnailUrl\":\"https:\/\/bigdaddyfitness.com\/wp-content\/uploads\/2025\/01\/off-ice-pics-Screenshot-2024-12-08-at-3.17.02-PM.jpg\",\"datePublished\":\"2023-07-07T16:30:53+00:00\",\"dateModified\":\"2025-09-30T00:45:06+00:00\",\"description\":\"D\u00e9couvrez des cours de conditionnement physique de qualit\u00e9 sup\u00e9rieure chez Big Daddy Fitness \u00e0 Montr\u00e9al. Du spinning au pilates en passant par le bootcamps, nos entra\u00eeneurs experts et nos installations \u00e0 la fine pointe de la technologie rehausseront votre exp\u00e9rience d'entra\u00eenement.\",\"breadcrumb\":{\"@id\":\"https:\/\/bigdaddyfitness.com\/fr\/classes\/#breadcrumb\"},\"inLanguage\":\"fr-FR\",\"potentialAction\":[{\"@type\":\"ReadAction\",\"target\":[\"https:\/\/bigdaddyfitness.com\/fr\/classes\/\"]}]},{\"@type\":\"ImageObject\",\"inLanguage\":\"fr-FR\",\"@id\":\"https:\/\/bigdaddyfitness.com\/fr\/classes\/#primaryimage\",\"url\":\"https:\/\/bigdaddyfitness.com\/wp-content\/uploads\/2025\/01\/off-ice-pics-Screenshot-2024-12-08-at-3.17.02-PM.jpg\",\"contentUrl\":\"https:\/\/bigdaddyfitness.com\/wp-content\/uploads\/2025\/01\/off-ice-pics-Screenshot-2024-12-08-at-3.17.02-PM.jpg\",\"width\":772,\"height\":872,\"caption\":\"Screenshot\"},{\"@type\":\"BreadcrumbList\",\"@id\":\"https:\/\/bigdaddyfitness.com\/fr\/classes\/#breadcrumb\",\"itemListElement\":[{\"@type\":\"ListItem\",\"position\":1,\"name\":\"Home\",\"item\":\"https:\/\/bigdaddyfitness.com\/fr\/\"},{\"@type\":\"ListItem\",\"position\":2,\"name\":\"Classes\"}]},{\"@type\":\"WebSite\",\"@id\":\"https:\/\/bigdaddyfitness.com\/fr\/#website\",\"url\":\"https:\/\/bigdaddyfitness.com\/fr\/\",\"name\":\"Big Daddy Fitness\",\"description\":\"Luxury Gym Experience in Montreal\",\"publisher\":{\"@id\":\"https:\/\/bigdaddyfitness.com\/fr\/#organization\"},\"potentialAction\":[{\"@type\":\"SearchAction\",\"target\":{\"@type\":\"EntryPoint\",\"urlTemplate\":\"https:\/\/bigdaddyfitness.com\/fr\/?s={search_term_string}\"},\"query-input\":{\"@type\":\"PropertyValueSpecification\",\"valueRequired\":true,\"valueName\":\"search_term_string\"}}],\"inLanguage\":\"fr-FR\"},{\"@type\":\"Organization\",\"@id\":\"https:\/\/bigdaddyfitness.com\/fr\/#organization\",\"name\":\"Big Daddy Fitness\",\"url\":\"https:\/\/bigdaddyfitness.com\/fr\/\",\"logo\":{\"@type\":\"ImageObject\",\"inLanguage\":\"fr-FR\",\"@id\":\"https:\/\/bigdaddyfitness.com\/fr\/#\/schema\/logo\/image\/\",\"url\":\"https:\/\/bigdaddyfitness.com\/wp-content\/uploads\/2024\/11\/cropped-Screenshot-2024-11-22-at-11.21.55-AM.jpg\",\"contentUrl\":\"https:\/\/bigdaddyfitness.com\/wp-content\/uploads\/2024\/11\/cropped-Screenshot-2024-11-22-at-11.21.55-AM.jpg\",\"width\":512,\"height\":512,\"caption\":\"Big Daddy Fitness\"},\"image\":{\"@id\":\"https:\/\/bigdaddyfitness.com\/fr\/#\/schema\/logo\/image\/\"},\"sameAs\":[\"https:\/\/www.facebook.com\/BigDaddyFitness\/\"]}]}<\/script>\n<!-- \/ Yoast SEO plugin. -->","yoast_head_json":{"title":"Fitness Classes \u00e0 Montr\u00e9al | Big Daddy Fitness - Spinning, Pilates & More","description":"D\u00e9couvrez des cours de conditionnement physique de qualit\u00e9 sup\u00e9rieure chez Big Daddy Fitness \u00e0 Montr\u00e9al. Du spinning au pilates en passant par le bootcamps, nos entra\u00eeneurs experts et nos installations \u00e0 la fine pointe de la technologie rehausseront votre exp\u00e9rience d'entra\u00eenement.","robots":{"index":"index","follow":"follow","max-snippet":"max-snippet:-1","max-image-preview":"max-image-preview:large","max-video-preview":"max-video-preview:-1"},"canonical":"https:\/\/bigdaddyfitness.com\/fr\/classes\/","og_locale":"fr_FR","og_type":"article","og_title":"Fitness Classes \u00e0 Montr\u00e9al | Big Daddy Fitness - Spinning, Pilates & More","og_description":"D\u00e9couvrez des cours de conditionnement physique de qualit\u00e9 sup\u00e9rieure chez Big Daddy Fitness \u00e0 Montr\u00e9al. Du spinning au pilates en passant par le bootcamps, nos entra\u00eeneurs experts et nos installations \u00e0 la fine pointe de la technologie rehausseront votre exp\u00e9rience d'entra\u00eenement.","og_url":"https:\/\/bigdaddyfitness.com\/fr\/classes\/","og_site_name":"Big Daddy Fitness","article_publisher":"https:\/\/www.facebook.com\/BigDaddyFitness\/","article_modified_time":"2025-09-30T00:45:06+00:00","og_image":[{"width":772,"height":872,"url":"https:\/\/bigdaddyfitness.com\/wp-content\/uploads\/2025\/01\/off-ice-pics-Screenshot-2024-12-08-at-3.17.02-PM.jpg","type":"image\/jpeg"}],"twitter_card":"summary_large_image","twitter_misc":{"Dur\u00e9e de lecture estim\u00e9e":"16 minutes"},"schema":{"@context":"https:\/\/schema.org","@graph":[{"@type":"WebPage","@id":"https:\/\/bigdaddyfitness.com\/fr\/classes\/","url":"https:\/\/bigdaddyfitness.com\/fr\/classes\/","name":"Fitness Classes \u00e0 Montr\u00e9al | Big Daddy Fitness - Spinning, Pilates & More","isPartOf":{"@id":"https:\/\/bigdaddyfitness.com\/fr\/#website"},"primaryImageOfPage":{"@id":"https:\/\/bigdaddyfitness.com\/fr\/classes\/#primaryimage"},"image":{"@id":"https:\/\/bigdaddyfitness.com\/fr\/classes\/#primaryimage"},"thumbnailUrl":"https:\/\/bigdaddyfitness.com\/wp-content\/uploads\/2025\/01\/off-ice-pics-Screenshot-2024-12-08-at-3.17.02-PM.jpg","datePublished":"2023-07-07T16:30:53+00:00","dateModified":"2025-09-30T00:45:06+00:00","description":"D\u00e9couvrez des cours de conditionnement physique de qualit\u00e9 sup\u00e9rieure chez Big Daddy Fitness \u00e0 Montr\u00e9al. Du spinning au pilates en passant par le bootcamps, nos entra\u00eeneurs experts et nos installations \u00e0 la fine pointe de la technologie rehausseront votre exp\u00e9rience d'entra\u00eenement.","breadcrumb":{"@id":"https:\/\/bigdaddyfitness.com\/fr\/classes\/#breadcrumb"},"inLanguage":"fr-FR","potentialAction":[{"@type":"ReadAction","target":["https:\/\/bigdaddyfitness.com\/fr\/classes\/"]}]},{"@type":"ImageObject","inLanguage":"fr-FR","@id":"https:\/\/bigdaddyfitness.com\/fr\/classes\/#primaryimage","url":"https:\/\/bigdaddyfitness.com\/wp-content\/uploads\/2025\/01\/off-ice-pics-Screenshot-2024-12-08-at-3.17.02-PM.jpg","contentUrl":"https:\/\/bigdaddyfitness.com\/wp-content\/uploads\/2025\/01\/off-ice-pics-Screenshot-2024-12-08-at-3.17.02-PM.jpg","width":772,"height":872,"caption":"Screenshot"},{"@type":"BreadcrumbList","@id":"https:\/\/bigdaddyfitness.com\/fr\/classes\/#breadcrumb","itemListElement":[{"@type":"ListItem","position":1,"name":"Home","item":"https:\/\/bigdaddyfitness.com\/fr\/"},{"@type":"ListItem","position":2,"name":"Classes"}]},{"@type":"WebSite","@id":"https:\/\/bigdaddyfitness.com\/fr\/#website","url":"https:\/\/bigdaddyfitness.com\/fr\/","name":"Big Daddy Fitness","description":"Luxury Gym Experience in Montreal","publisher":{"@id":"https:\/\/bigdaddyfitness.com\/fr\/#organization"},"potentialAction":[{"@type":"SearchAction","target":{"@type":"EntryPoint","urlTemplate":"https:\/\/bigdaddyfitness.com\/fr\/?s={search_term_string}"},"query-input":{"@type":"PropertyValueSpecification","valueRequired":true,"valueName":"search_term_string"}}],"inLanguage":"fr-FR"},{"@type":"Organization","@id":"https:\/\/bigdaddyfitness.com\/fr\/#organization","name":"Big Daddy Fitness","url":"https:\/\/bigdaddyfitness.com\/fr\/","logo":{"@type":"ImageObject","inLanguage":"fr-FR","@id":"https:\/\/bigdaddyfitness.com\/fr\/#\/schema\/logo\/image\/","url":"https:\/\/bigdaddyfitness.com\/wp-content\/uploads\/2024\/11\/cropped-Screenshot-2024-11-22-at-11.21.55-AM.jpg","contentUrl":"https:\/\/bigdaddyfitness.com\/wp-content\/uploads\/2024\/11\/cropped-Screenshot-2024-11-22-at-11.21.55-AM.jpg","width":512,"height":512,"caption":"Big Daddy Fitness"},"image":{"@id":"https:\/\/bigdaddyfitness.com\/fr\/#\/schema\/logo\/image\/"},"sameAs":["https:\/\/www.facebook.com\/BigDaddyFitness\/"]}]}},"_links":{"self":[{"href":"https:\/\/bigdaddyfitness.com\/fr\/wp-json\/wp\/v2\/pages\/2022","targetHints":{"allow":["GET"]}}],"collection":[{"href":"https:\/\/bigdaddyfitness.com\/fr\/wp-json\/wp\/v2\/pages"}],"about":[{"href":"https:\/\/bigdaddyfitness.com\/fr\/wp-json\/wp\/v2\/types\/page"}],"author":[{"embeddable":true,"href":"https:\/\/bigdaddyfitness.com\/fr\/wp-json\/wp\/v2\/users\/2"}],"replies":[{"embeddable":true,"href":"https:\/\/bigdaddyfitness.com\/fr\/wp-json\/wp\/v2\/comments?post=2022"}],"version-history":[{"count":21,"href":"https:\/\/bigdaddyfitness.com\/fr\/wp-json\/wp\/v2\/pages\/2022\/revisions"}],"predecessor-version":[{"id":3855,"href":"https:\/\/bigdaddyfitness.com\/fr\/wp-json\/wp\/v2\/pages\/2022\/revisions\/3855"}],"wp:featuredmedia":[{"embeddable":true,"href":"https:\/\/bigdaddyfitness.com\/fr\/wp-json\/wp\/v2\/media\/2242"}],"wp:attachment":[{"href":"https:\/\/bigdaddyfitness.com\/fr\/wp-json\/wp\/v2\/media?parent=2022"}],"curies":[{"name":"wp","href":"https:\/\/api.w.org\/{rel}","templated":true}]}}