{"id":4047,"date":"2025-10-16T00:20:25","date_gmt":"2025-10-16T00:20:25","guid":{"rendered":"https:\/\/bigdaddyfitness.com\/ma-clinique-anatomique\/"},"modified":"2025-10-16T00:28:26","modified_gmt":"2025-10-16T00:28:26","slug":"ma-clinique-anatomique","status":"publish","type":"page","link":"https:\/\/bigdaddyfitness.com\/fr\/ma-clinique-anatomique\/","title":{"rendered":"Ma Clinique Anatomique"},"content":{"rendered":"<div class=\"fusion-fullwidth fullwidth-box fusion-builder-row-1 fusion-flex-container has-pattern-background has-mask-background nonhundred-percent-fullwidth non-hundred-percent-height-scrolling\" style=\"--awb-border-sizes-bottom:2px;--awb-border-color:hsla(var(--awb-color8-h),var(--awb-color8-s),var(--awb-color8-l),calc(var(--awb-color8-a) - 95%));--awb-border-radius-top-left:0px;--awb-border-radius-top-right:0px;--awb-border-radius-bottom-right:0px;--awb-border-radius-bottom-left:0px;--awb-padding-top:23px;--awb-padding-bottom:0px;--awb-padding-top-medium:90px;--awb-padding-bottom-medium:90px;--awb-padding-top-small:20px;--awb-padding-bottom-small:32px;--awb-margin-bottom:0px;--awb-margin-bottom-medium:90px;--awb-margin-bottom-small:31px;--awb-flex-wrap:wrap;\" ><div class=\"fusion-builder-row fusion-row fusion-flex-align-items-flex-start fusion-flex-justify-content-center fusion-flex-content-wrap\" style=\"max-width:calc( 1200px + 70px );margin-left: calc(-70px \/ 2 );margin-right: calc(-70px \/ 2 );\"><div class=\"fusion-layout-column fusion_builder_column fusion-builder-column-0 fusion_builder_column_1_1 1_1 fusion-flex-column\" style=\"--awb-bg-size:cover;--awb-width-large:100%;--awb-margin-top-large:0px;--awb-spacing-right-large:35px;--awb-margin-bottom-large:20px;--awb-spacing-left-large:35px;--awb-width-medium:100%;--awb-order-medium:0;--awb-spacing-right-medium:35px;--awb-spacing-left-medium:35px;--awb-width-small:100%;--awb-order-small:0;--awb-spacing-right-small:35px;--awb-spacing-left-small:35px;\"><div class=\"fusion-column-wrapper fusion-column-has-shadow fusion-flex-justify-content-flex-start fusion-content-layout-column\"><div class=\"fusion-image-element \" style=\"text-align:center;--awb-max-width:700px;--awb-caption-title-font-family:var(--h2_typography-font-family);--awb-caption-title-font-weight:var(--h2_typography-font-weight);--awb-caption-title-font-style:var(--h2_typography-font-style);--awb-caption-title-size:var(--h2_typography-font-size);--awb-caption-title-transform:var(--h2_typography-text-transform);--awb-caption-title-line-height:var(--h2_typography-line-height);--awb-caption-title-letter-spacing:var(--h2_typography-letter-spacing);\"><span class=\" fusion-imageframe imageframe-none imageframe-1 hover-type-none\"><img decoding=\"async\" width=\"756\" height=\"756\" alt=\"logo vitablood\" title=\"Screenshot\" src=\"https:\/\/bigdaddyfitness.com\/wp-content\/uploads\/2025\/10\/mca-square.jpg\" data-orig-src=\"https:\/\/bigdaddyfitness.com\/wp-content\/uploads\/2025\/10\/mca-square.jpg\" class=\"lazyload img-responsive wp-image-4045\" srcset=\"data:image\/svg+xml,%3Csvg%20xmlns%3D%27http%3A%2F%2Fwww.w3.org%2F2000%2Fsvg%27%20width%3D%27756%27%20height%3D%27756%27%20viewBox%3D%270%200%20756%20756%27%3E%3Crect%20width%3D%27756%27%20height%3D%27756%27%20fill-opacity%3D%220%22%2F%3E%3C%2Fsvg%3E\" data-srcset=\"https:\/\/bigdaddyfitness.com\/wp-content\/uploads\/2025\/10\/mca-square-200x200.jpg 200w, https:\/\/bigdaddyfitness.com\/wp-content\/uploads\/2025\/10\/mca-square-400x400.jpg 400w, https:\/\/bigdaddyfitness.com\/wp-content\/uploads\/2025\/10\/mca-square-600x600.jpg 600w, https:\/\/bigdaddyfitness.com\/wp-content\/uploads\/2025\/10\/mca-square.jpg 756w\" data-sizes=\"auto\" data-orig-sizes=\"(max-width: 900px) 100vw, 756px\" \/><\/span><\/div><div class=\"fusion-title title fusion-title-1 fusion-sep-none fusion-title-center fusion-title-text fusion-title-size-paragraph\"><p class=\"fusion-title-heading title-heading-center title-heading-tag\" style=\"margin:0;\"><p>Dans notre clinique de massoth\u00e9rapie, nous nous sp\u00e9cialisons dans la cr\u00e9ation d&rsquo;exp\u00e9riences de massage vraiment personnalis\u00e9es qui r\u00e9pondent aux besoins individuels de chaque client. Que vous souhaitiez vous d\u00e9tendre avec un massage su\u00e9dois apaisant, rel\u00e2cher les tensions chroniques avec des techniques de tissus profonds, de sport et d&rsquo;\u00e9tirement, ou explorer des modalit\u00e9s de gu\u00e9rison comme le Gua Sha, les ventouses, le massage tha\u00eflandais ou le travail corporel adapt\u00e9, nous adaptons chaque s\u00e9ance \u00e0 ce dont votre corps a vraiment besoin. <\/p>\n<p>Nos th\u00e9rapeutes sont hautement qualifi\u00e9s pour combiner des techniques traditionnelles et modernes afin de soulager la douleur, d&rsquo;am\u00e9liorer la mobilit\u00e9 et de favoriser la relaxation. Chaque traitement est con\u00e7u pour vous aider \u00e0 mieux bouger, \u00e0 vous sentir plus l\u00e9ger et \u00e0 r\u00e9cup\u00e9rer plus rapidement. <\/p>\n<p>Nich\u00e9e dans un luxueux club de bien-\u00eatre et de remise en forme, notre clinique offre un environnement accueillant, calme et \u00e9lev\u00e9. C&rsquo;est l&rsquo;espace id\u00e9al pour r\u00e9initialiser votre esprit et votre corps apr\u00e8s une s\u00e9ance d&rsquo;entra\u00eenement, ou simplement dans le cadre de votre routine de soins personnels.<\/p>\n<p>Que vous soyez un athl\u00e8te, un professionnel stress\u00e9 ou simplement quelqu&rsquo;un qui tient \u00e0 prendre soin de lui-m\u00eame, nous vous aiderons \u00e0 trouver l&rsquo;\u00e9quilibre, \u00e0 retrouver de l&rsquo;\u00e9nergie et \u00e0 vous sentir au mieux de votre forme.<\/p><\/p><\/div><\/div><\/div><div class=\"fusion-layout-column fusion_builder_column fusion-builder-column-1 fusion_builder_column_1_2 1_2 fusion-flex-column fusion-no-small-visibility\" style=\"--awb-bg-size:cover;--awb-width-large:50%;--awb-margin-top-large:0px;--awb-spacing-right-large:35px;--awb-margin-bottom-large:20px;--awb-spacing-left-large:13px;--awb-width-medium:50%;--awb-order-medium:0;--awb-spacing-right-medium:35px;--awb-spacing-left-medium:13px;--awb-width-small:100%;--awb-order-small:0;--awb-spacing-right-small:35px;--awb-spacing-left-small:35px;\"><div class=\"fusion-column-wrapper fusion-column-has-shadow fusion-flex-justify-content-flex-start fusion-content-layout-column\"><div class=\"awb-gallery-wrapper awb-gallery-wrapper-1 button-span-no\" style=\"--more-btn-alignment:center;\"><div style=\"margin:-5px;--awb-bordersize:0px;\" class=\"fusion-gallery fusion-gallery-container fusion-grid-2 fusion-columns-total-4 fusion-gallery-layout-masonry fusion-gallery-1\"><div class=\"fusion-grid-column fusion-gallery-column fusion-gallery-column-2 hover-type-none fusion-grid-sizer\"><\/div><div style=\"padding:5px;\" class=\"fusion-grid-column fusion-gallery-column fusion-gallery-column-2 hover-type-none fusion-element-grid\"><div class=\"fusion-gallery-image\"><a href=\"https:\/\/bigdaddyfitness.com\/wp-content\/uploads\/2025\/10\/room2.jpg\" rel=\"noreferrer\" data-rel=\"iLightbox[gallery_image_1]\" class=\"fusion-lightbox\" target=\"_self\"><div style=\"padding-top:calc((100% + 10px) * 0.8 - 5px);background-position:;\" class=\"fusion-masonry-element-container lazyload\" data-bg=\"https:\/\/bigdaddyfitness.com\/wp-content\/uploads\/2025\/10\/room2.jpg\"><img decoding=\"async\" src=\"https:\/\/bigdaddyfitness.com\/wp-content\/uploads\/2025\/10\/room2.jpg\" data-orig-src=\"https:\/\/bigdaddyfitness.com\/wp-content\/uploads\/2025\/10\/room2.jpg\" width=\"592\" height=\"588\" alt=\"\" title=\"Screenshot\" aria-label=\"Screenshot\" class=\"lazyload img-responsive wp-image-4051\" srcset=\"data:image\/svg+xml,%3Csvg%20xmlns%3D%27http%3A%2F%2Fwww.w3.org%2F2000%2Fsvg%27%20width%3D%27592%27%20height%3D%27588%27%20viewBox%3D%270%200%20592%20588%27%3E%3Crect%20width%3D%27592%27%20height%3D%27588%27%20fill-opacity%3D%220%22%2F%3E%3C%2Fsvg%3E\" data-srcset=\"https:\/\/bigdaddyfitness.com\/wp-content\/uploads\/2025\/10\/room2-200x199.jpg 200w, https:\/\/bigdaddyfitness.com\/wp-content\/uploads\/2025\/10\/room2-400x397.jpg 400w, https:\/\/bigdaddyfitness.com\/wp-content\/uploads\/2025\/10\/room2.jpg 592w\" data-sizes=\"auto\" data-orig-sizes=\"(min-width: 2200px) 100vw, (min-width: 712px) 598px, (min-width: 640px) 712px, \" \/><\/div><\/a><\/div><\/div><div style=\"padding:5px;\" class=\"fusion-grid-column fusion-gallery-column fusion-gallery-column-2 hover-type-none fusion-element-grid\"><div class=\"fusion-gallery-image\"><a href=\"https:\/\/bigdaddyfitness.com\/wp-content\/uploads\/2025\/10\/room1.jpg\" rel=\"noreferrer\" data-rel=\"iLightbox[gallery_image_1]\" class=\"fusion-lightbox\" target=\"_self\"><div style=\"padding-top:calc((100% + 10px) * 0.8 - 5px);background-position:;\" class=\"fusion-masonry-element-container lazyload\" data-bg=\"https:\/\/bigdaddyfitness.com\/wp-content\/uploads\/2025\/10\/room1.jpg\"><img decoding=\"async\" src=\"https:\/\/bigdaddyfitness.com\/wp-content\/uploads\/2025\/10\/room1.jpg\" data-orig-src=\"https:\/\/bigdaddyfitness.com\/wp-content\/uploads\/2025\/10\/room1.jpg\" width=\"592\" height=\"592\" alt=\"\" title=\"Screenshot\" aria-label=\"Screenshot\" class=\"lazyload img-responsive wp-image-4049\" srcset=\"data:image\/svg+xml,%3Csvg%20xmlns%3D%27http%3A%2F%2Fwww.w3.org%2F2000%2Fsvg%27%20width%3D%27592%27%20height%3D%27592%27%20viewBox%3D%270%200%20592%20592%27%3E%3Crect%20width%3D%27592%27%20height%3D%27592%27%20fill-opacity%3D%220%22%2F%3E%3C%2Fsvg%3E\" data-srcset=\"https:\/\/bigdaddyfitness.com\/wp-content\/uploads\/2025\/10\/room1-200x200.jpg 200w, https:\/\/bigdaddyfitness.com\/wp-content\/uploads\/2025\/10\/room1-400x400.jpg 400w, https:\/\/bigdaddyfitness.com\/wp-content\/uploads\/2025\/10\/room1.jpg 592w\" data-sizes=\"auto\" data-orig-sizes=\"(min-width: 2200px) 100vw, (min-width: 712px) 598px, (min-width: 640px) 712px, \" \/><\/div><\/a><\/div><\/div><div style=\"padding:5px;\" class=\"fusion-grid-column fusion-gallery-column fusion-gallery-column-2 hover-type-none fusion-element-grid\"><div class=\"fusion-gallery-image\"><a href=\"https:\/\/bigdaddyfitness.com\/wp-content\/uploads\/2025\/10\/nigel.jpg\" rel=\"noreferrer\" data-rel=\"iLightbox[gallery_image_1]\" class=\"fusion-lightbox\" target=\"_self\"><div style=\"padding-top:calc((100% + 10px) * 0.8 - 5px);background-position:43% 34%;\" class=\"fusion-masonry-element-container lazyload\" data-bg=\"https:\/\/bigdaddyfitness.com\/wp-content\/uploads\/2025\/10\/nigel.jpg\"><img decoding=\"async\" src=\"https:\/\/bigdaddyfitness.com\/wp-content\/uploads\/2025\/10\/nigel.jpg\" data-orig-src=\"https:\/\/bigdaddyfitness.com\/wp-content\/uploads\/2025\/10\/nigel.jpg\" width=\"754\" height=\"936\" alt=\"\" title=\"Screenshot\" aria-label=\"Screenshot\" class=\"lazyload img-responsive wp-image-4060\" srcset=\"data:image\/svg+xml,%3Csvg%20xmlns%3D%27http%3A%2F%2Fwww.w3.org%2F2000%2Fsvg%27%20width%3D%27754%27%20height%3D%27936%27%20viewBox%3D%270%200%20754%20936%27%3E%3Crect%20width%3D%27754%27%20height%3D%27936%27%20fill-opacity%3D%220%22%2F%3E%3C%2Fsvg%3E\" data-srcset=\"https:\/\/bigdaddyfitness.com\/wp-content\/uploads\/2025\/10\/nigel-200x248.jpg 200w, https:\/\/bigdaddyfitness.com\/wp-content\/uploads\/2025\/10\/nigel-400x497.jpg 400w, https:\/\/bigdaddyfitness.com\/wp-content\/uploads\/2025\/10\/nigel-600x745.jpg 600w, https:\/\/bigdaddyfitness.com\/wp-content\/uploads\/2025\/10\/nigel.jpg 754w\" data-sizes=\"auto\" data-orig-sizes=\"(min-width: 2200px) 100vw, (min-width: 712px) 598px, (min-width: 640px) 712px, \" \/><\/div><\/a><\/div><\/div><div style=\"padding:5px;\" class=\"fusion-grid-column fusion-gallery-column fusion-gallery-column-2 hover-type-none fusion-element-grid\"><div class=\"fusion-gallery-image\"><a href=\"https:\/\/bigdaddyfitness.com\/wp-content\/uploads\/2025\/10\/maria.jpg\" rel=\"noreferrer\" data-rel=\"iLightbox[gallery_image_1]\" class=\"fusion-lightbox\" target=\"_self\"><div style=\"padding-top:calc((100% + 10px) * 0.8 - 5px);background-position:54% 29%;\" class=\"fusion-masonry-element-container lazyload\" data-bg=\"https:\/\/bigdaddyfitness.com\/wp-content\/uploads\/2025\/10\/maria.jpg\"><img decoding=\"async\" src=\"https:\/\/bigdaddyfitness.com\/wp-content\/uploads\/2025\/10\/maria.jpg\" data-orig-src=\"https:\/\/bigdaddyfitness.com\/wp-content\/uploads\/2025\/10\/maria.jpg\" width=\"754\" height=\"936\" alt=\"\" title=\"Screenshot\" aria-label=\"Screenshot\" class=\"lazyload img-responsive wp-image-4058\" srcset=\"data:image\/svg+xml,%3Csvg%20xmlns%3D%27http%3A%2F%2Fwww.w3.org%2F2000%2Fsvg%27%20width%3D%27754%27%20height%3D%27936%27%20viewBox%3D%270%200%20754%20936%27%3E%3Crect%20width%3D%27754%27%20height%3D%27936%27%20fill-opacity%3D%220%22%2F%3E%3C%2Fsvg%3E\" data-srcset=\"https:\/\/bigdaddyfitness.com\/wp-content\/uploads\/2025\/10\/maria-200x248.jpg 200w, https:\/\/bigdaddyfitness.com\/wp-content\/uploads\/2025\/10\/maria-400x497.jpg 400w, https:\/\/bigdaddyfitness.com\/wp-content\/uploads\/2025\/10\/maria-600x745.jpg 600w, https:\/\/bigdaddyfitness.com\/wp-content\/uploads\/2025\/10\/maria.jpg 754w\" data-sizes=\"auto\" data-orig-sizes=\"(min-width: 2200px) 100vw, (min-width: 712px) 598px, (min-width: 640px) 712px, \" \/><\/div><\/a><\/div><\/div><\/div><\/div><\/div><\/div><div class=\"fusion-layout-column fusion_builder_column fusion-builder-column-2 fusion_builder_column_1_2 1_2 fusion-flex-column\" style=\"--awb-bg-size:cover;--awb-width-large:50%;--awb-margin-top-large:0px;--awb-spacing-right-large:15px;--awb-margin-bottom-large:20px;--awb-spacing-left-large:35px;--awb-width-medium:50%;--awb-order-medium:0;--awb-spacing-right-medium:15px;--awb-spacing-left-medium:35px;--awb-width-small:100%;--awb-order-small:0;--awb-spacing-right-small:35px;--awb-spacing-left-small:35px;\"><div class=\"fusion-column-wrapper fusion-column-has-shadow fusion-flex-justify-content-flex-start fusion-content-layout-column\"><div class=\"fusion-title title fusion-title-2 fusion-sep-none fusion-title-center fusion-title-text fusion-title-size-two\" style=\"--awb-font-size:24px;\"><h2 class=\"fusion-title-heading title-heading-center\" style=\"margin:0;font-size:1em;line-height:1;\">Nous disposons actuellement de deux salles de traitement au dernier \u00e9tage du BDF Gym, id\u00e9alement situ\u00e9 \u00e0 c\u00f4t\u00e9 de l&rsquo;EV Spa.<\/h2><\/div><div style=\"text-align:center;\"><a class=\"fusion-button button-flat button-xlarge button-custom fusion-button-default button-1 fusion-button-default-span fusion-button-default-type\" style=\"--button_accent_color:#ffffff;--button_accent_hover_color:#000000;--button_border_hover_color:var(--awb-color1);--button-border-radius-top-left:5px;--button-border-radius-top-right:5px;--button-border-radius-bottom-right:5px;--button-border-radius-bottom-left:5px;--button_gradient_top_color:#eb1c24;--button_gradient_bottom_color:#eb1c24;--button_gradient_top_color_hover:#ffffff;--button_gradient_bottom_color_hover:#ffffff;--button_margin-top:15px;\" target=\"_blank\" rel=\"noopener noreferrer\" href=\"https:\/\/www.gorendezvous.com\/mca\"><span class=\"fusion-button-text\">R\u00c9SERVEZ MAINTENANT<\/span><\/a><\/div><\/div><\/div><\/div><\/div>\n","protected":false},"excerpt":{"rendered":"","protected":false},"author":2,"featured_media":2250,"parent":0,"menu_order":0,"comment_status":"closed","ping_status":"closed","template":"100-width.php","meta":{"_acf_changed":false,"content-type":"","footnotes":""},"class_list":["post-4047","page","type-page","status-publish","has-post-thumbnail","hentry"],"acf":[],"yoast_head":"<!-- This site is optimized with the Yoast SEO plugin v25.8 - https:\/\/yoast.com\/wordpress\/plugins\/seo\/ -->\n<title>Ma Clinique Anatomique | Big Daddy Fitness| Gymnase de transformation corporelle \u00e0 Montr\u00e9al<\/title>\n<meta name=\"description\" content=\"Ma Clinique Anatomique Big Daddy Fitness |. Nous proposons un entra\u00eenement personnel, une transformation du corps, des pilates, un spinning, un bootcamp et un spa. Atteignez votre meilleur niveau chez Big Daddy Fitness\" \/>\n<meta name=\"robots\" content=\"index, follow, max-snippet:-1, max-image-preview:large, max-video-preview:-1\" \/>\n<link rel=\"canonical\" href=\"https:\/\/bigdaddyfitness.com\/fr\/ma-clinique-anatomique\/\" \/>\n<meta property=\"og:locale\" content=\"fr_FR\" \/>\n<meta property=\"og:type\" content=\"article\" \/>\n<meta property=\"og:title\" content=\"Ma Clinique Anatomique | Big Daddy Fitness| Gymnase de transformation corporelle \u00e0 Montr\u00e9al\" \/>\n<meta property=\"og:description\" content=\"Ma Clinique Anatomique Big Daddy Fitness |. Nous proposons un entra\u00eenement personnel, une transformation du corps, des pilates, un spinning, un bootcamp et un spa. Atteignez votre meilleur niveau chez Big Daddy Fitness\" \/>\n<meta property=\"og:url\" content=\"https:\/\/bigdaddyfitness.com\/fr\/ma-clinique-anatomique\/\" \/>\n<meta property=\"og:site_name\" content=\"Big Daddy Fitness\" \/>\n<meta property=\"article:publisher\" content=\"https:\/\/www.facebook.com\/BigDaddyFitness\/\" \/>\n<meta property=\"article:modified_time\" content=\"2025-10-16T00:28:26+00:00\" \/>\n<meta property=\"og:image\" content=\"https:\/\/bigdaddyfitness.com\/wp-content\/uploads\/2025\/01\/Screenshot-2024-12-06-at-12.00.48-PM.jpg\" \/>\n\t<meta property=\"og:image:width\" content=\"998\" \/>\n\t<meta property=\"og:image:height\" content=\"824\" \/>\n\t<meta property=\"og:image:type\" content=\"image\/jpeg\" \/>\n<meta name=\"twitter:card\" content=\"summary_large_image\" \/>\n<meta name=\"twitter:label1\" content=\"Dur\u00e9e de lecture estim\u00e9e\" \/>\n\t<meta name=\"twitter:data1\" content=\"13 minutes\" \/>\n<script type=\"application\/ld+json\" class=\"yoast-schema-graph\">{\"@context\":\"https:\/\/schema.org\",\"@graph\":[{\"@type\":\"WebPage\",\"@id\":\"https:\/\/bigdaddyfitness.com\/fr\/ma-clinique-anatomique\/\",\"url\":\"https:\/\/bigdaddyfitness.com\/fr\/ma-clinique-anatomique\/\",\"name\":\"Ma Clinique Anatomique | Big Daddy Fitness| Gymnase de transformation corporelle \u00e0 Montr\u00e9al\",\"isPartOf\":{\"@id\":\"https:\/\/bigdaddyfitness.com\/fr\/#website\"},\"primaryImageOfPage\":{\"@id\":\"https:\/\/bigdaddyfitness.com\/fr\/ma-clinique-anatomique\/#primaryimage\"},\"image\":{\"@id\":\"https:\/\/bigdaddyfitness.com\/fr\/ma-clinique-anatomique\/#primaryimage\"},\"thumbnailUrl\":\"https:\/\/bigdaddyfitness.com\/wp-content\/uploads\/2025\/01\/Screenshot-2024-12-06-at-12.00.48-PM.jpg\",\"datePublished\":\"2025-10-16T00:20:25+00:00\",\"dateModified\":\"2025-10-16T00:28:26+00:00\",\"description\":\"Ma Clinique Anatomique Big Daddy Fitness |. Nous proposons un entra\u00eenement personnel, une transformation du corps, des pilates, un spinning, un bootcamp et un spa. Atteignez votre meilleur niveau chez Big Daddy Fitness\",\"breadcrumb\":{\"@id\":\"https:\/\/bigdaddyfitness.com\/fr\/ma-clinique-anatomique\/#breadcrumb\"},\"inLanguage\":\"fr-FR\",\"potentialAction\":[{\"@type\":\"ReadAction\",\"target\":[\"https:\/\/bigdaddyfitness.com\/fr\/ma-clinique-anatomique\/\"]}]},{\"@type\":\"ImageObject\",\"inLanguage\":\"fr-FR\",\"@id\":\"https:\/\/bigdaddyfitness.com\/fr\/ma-clinique-anatomique\/#primaryimage\",\"url\":\"https:\/\/bigdaddyfitness.com\/wp-content\/uploads\/2025\/01\/Screenshot-2024-12-06-at-12.00.48-PM.jpg\",\"contentUrl\":\"https:\/\/bigdaddyfitness.com\/wp-content\/uploads\/2025\/01\/Screenshot-2024-12-06-at-12.00.48-PM.jpg\",\"width\":998,\"height\":824,\"caption\":\"Screenshot\"},{\"@type\":\"BreadcrumbList\",\"@id\":\"https:\/\/bigdaddyfitness.com\/fr\/ma-clinique-anatomique\/#breadcrumb\",\"itemListElement\":[{\"@type\":\"ListItem\",\"position\":1,\"name\":\"Home\",\"item\":\"https:\/\/bigdaddyfitness.com\/fr\/\"},{\"@type\":\"ListItem\",\"position\":2,\"name\":\"Ma Clinique Anatomique\"}]},{\"@type\":\"WebSite\",\"@id\":\"https:\/\/bigdaddyfitness.com\/fr\/#website\",\"url\":\"https:\/\/bigdaddyfitness.com\/fr\/\",\"name\":\"Big Daddy Fitness\",\"description\":\"Luxury Gym Experience in Montreal\",\"publisher\":{\"@id\":\"https:\/\/bigdaddyfitness.com\/fr\/#organization\"},\"potentialAction\":[{\"@type\":\"SearchAction\",\"target\":{\"@type\":\"EntryPoint\",\"urlTemplate\":\"https:\/\/bigdaddyfitness.com\/fr\/?s={search_term_string}\"},\"query-input\":{\"@type\":\"PropertyValueSpecification\",\"valueRequired\":true,\"valueName\":\"search_term_string\"}}],\"inLanguage\":\"fr-FR\"},{\"@type\":\"Organization\",\"@id\":\"https:\/\/bigdaddyfitness.com\/fr\/#organization\",\"name\":\"Big Daddy Fitness\",\"url\":\"https:\/\/bigdaddyfitness.com\/fr\/\",\"logo\":{\"@type\":\"ImageObject\",\"inLanguage\":\"fr-FR\",\"@id\":\"https:\/\/bigdaddyfitness.com\/fr\/#\/schema\/logo\/image\/\",\"url\":\"https:\/\/bigdaddyfitness.com\/wp-content\/uploads\/2024\/11\/cropped-Screenshot-2024-11-22-at-11.21.55-AM.jpg\",\"contentUrl\":\"https:\/\/bigdaddyfitness.com\/wp-content\/uploads\/2024\/11\/cropped-Screenshot-2024-11-22-at-11.21.55-AM.jpg\",\"width\":512,\"height\":512,\"caption\":\"Big Daddy Fitness\"},\"image\":{\"@id\":\"https:\/\/bigdaddyfitness.com\/fr\/#\/schema\/logo\/image\/\"},\"sameAs\":[\"https:\/\/www.facebook.com\/BigDaddyFitness\/\"]}]}<\/script>\n<!-- \/ Yoast SEO plugin. -->","yoast_head_json":{"title":"Ma Clinique Anatomique | Big Daddy Fitness| Gymnase de transformation corporelle \u00e0 Montr\u00e9al","description":"Ma Clinique Anatomique Big Daddy Fitness |. Nous proposons un entra\u00eenement personnel, une transformation du corps, des pilates, un spinning, un bootcamp et un spa. Atteignez votre meilleur niveau chez Big Daddy Fitness","robots":{"index":"index","follow":"follow","max-snippet":"max-snippet:-1","max-image-preview":"max-image-preview:large","max-video-preview":"max-video-preview:-1"},"canonical":"https:\/\/bigdaddyfitness.com\/fr\/ma-clinique-anatomique\/","og_locale":"fr_FR","og_type":"article","og_title":"Ma Clinique Anatomique | Big Daddy Fitness| Gymnase de transformation corporelle \u00e0 Montr\u00e9al","og_description":"Ma Clinique Anatomique Big Daddy Fitness |. Nous proposons un entra\u00eenement personnel, une transformation du corps, des pilates, un spinning, un bootcamp et un spa. Atteignez votre meilleur niveau chez Big Daddy Fitness","og_url":"https:\/\/bigdaddyfitness.com\/fr\/ma-clinique-anatomique\/","og_site_name":"Big Daddy Fitness","article_publisher":"https:\/\/www.facebook.com\/BigDaddyFitness\/","article_modified_time":"2025-10-16T00:28:26+00:00","og_image":[{"width":998,"height":824,"url":"https:\/\/bigdaddyfitness.com\/wp-content\/uploads\/2025\/01\/Screenshot-2024-12-06-at-12.00.48-PM.jpg","type":"image\/jpeg"}],"twitter_card":"summary_large_image","twitter_misc":{"Dur\u00e9e de lecture estim\u00e9e":"13 minutes"},"schema":{"@context":"https:\/\/schema.org","@graph":[{"@type":"WebPage","@id":"https:\/\/bigdaddyfitness.com\/fr\/ma-clinique-anatomique\/","url":"https:\/\/bigdaddyfitness.com\/fr\/ma-clinique-anatomique\/","name":"Ma Clinique Anatomique | Big Daddy Fitness| Gymnase de transformation corporelle \u00e0 Montr\u00e9al","isPartOf":{"@id":"https:\/\/bigdaddyfitness.com\/fr\/#website"},"primaryImageOfPage":{"@id":"https:\/\/bigdaddyfitness.com\/fr\/ma-clinique-anatomique\/#primaryimage"},"image":{"@id":"https:\/\/bigdaddyfitness.com\/fr\/ma-clinique-anatomique\/#primaryimage"},"thumbnailUrl":"https:\/\/bigdaddyfitness.com\/wp-content\/uploads\/2025\/01\/Screenshot-2024-12-06-at-12.00.48-PM.jpg","datePublished":"2025-10-16T00:20:25+00:00","dateModified":"2025-10-16T00:28:26+00:00","description":"Ma Clinique Anatomique Big Daddy Fitness |. Nous proposons un entra\u00eenement personnel, une transformation du corps, des pilates, un spinning, un bootcamp et un spa. Atteignez votre meilleur niveau chez Big Daddy Fitness","breadcrumb":{"@id":"https:\/\/bigdaddyfitness.com\/fr\/ma-clinique-anatomique\/#breadcrumb"},"inLanguage":"fr-FR","potentialAction":[{"@type":"ReadAction","target":["https:\/\/bigdaddyfitness.com\/fr\/ma-clinique-anatomique\/"]}]},{"@type":"ImageObject","inLanguage":"fr-FR","@id":"https:\/\/bigdaddyfitness.com\/fr\/ma-clinique-anatomique\/#primaryimage","url":"https:\/\/bigdaddyfitness.com\/wp-content\/uploads\/2025\/01\/Screenshot-2024-12-06-at-12.00.48-PM.jpg","contentUrl":"https:\/\/bigdaddyfitness.com\/wp-content\/uploads\/2025\/01\/Screenshot-2024-12-06-at-12.00.48-PM.jpg","width":998,"height":824,"caption":"Screenshot"},{"@type":"BreadcrumbList","@id":"https:\/\/bigdaddyfitness.com\/fr\/ma-clinique-anatomique\/#breadcrumb","itemListElement":[{"@type":"ListItem","position":1,"name":"Home","item":"https:\/\/bigdaddyfitness.com\/fr\/"},{"@type":"ListItem","position":2,"name":"Ma Clinique Anatomique"}]},{"@type":"WebSite","@id":"https:\/\/bigdaddyfitness.com\/fr\/#website","url":"https:\/\/bigdaddyfitness.com\/fr\/","name":"Big Daddy Fitness","description":"Luxury Gym Experience in Montreal","publisher":{"@id":"https:\/\/bigdaddyfitness.com\/fr\/#organization"},"potentialAction":[{"@type":"SearchAction","target":{"@type":"EntryPoint","urlTemplate":"https:\/\/bigdaddyfitness.com\/fr\/?s={search_term_string}"},"query-input":{"@type":"PropertyValueSpecification","valueRequired":true,"valueName":"search_term_string"}}],"inLanguage":"fr-FR"},{"@type":"Organization","@id":"https:\/\/bigdaddyfitness.com\/fr\/#organization","name":"Big Daddy Fitness","url":"https:\/\/bigdaddyfitness.com\/fr\/","logo":{"@type":"ImageObject","inLanguage":"fr-FR","@id":"https:\/\/bigdaddyfitness.com\/fr\/#\/schema\/logo\/image\/","url":"https:\/\/bigdaddyfitness.com\/wp-content\/uploads\/2024\/11\/cropped-Screenshot-2024-11-22-at-11.21.55-AM.jpg","contentUrl":"https:\/\/bigdaddyfitness.com\/wp-content\/uploads\/2024\/11\/cropped-Screenshot-2024-11-22-at-11.21.55-AM.jpg","width":512,"height":512,"caption":"Big Daddy Fitness"},"image":{"@id":"https:\/\/bigdaddyfitness.com\/fr\/#\/schema\/logo\/image\/"},"sameAs":["https:\/\/www.facebook.com\/BigDaddyFitness\/"]}]}},"_links":{"self":[{"href":"https:\/\/bigdaddyfitness.com\/fr\/wp-json\/wp\/v2\/pages\/4047","targetHints":{"allow":["GET"]}}],"collection":[{"href":"https:\/\/bigdaddyfitness.com\/fr\/wp-json\/wp\/v2\/pages"}],"about":[{"href":"https:\/\/bigdaddyfitness.com\/fr\/wp-json\/wp\/v2\/types\/page"}],"author":[{"embeddable":true,"href":"https:\/\/bigdaddyfitness.com\/fr\/wp-json\/wp\/v2\/users\/2"}],"replies":[{"embeddable":true,"href":"https:\/\/bigdaddyfitness.com\/fr\/wp-json\/wp\/v2\/comments?post=4047"}],"version-history":[{"count":19,"href":"https:\/\/bigdaddyfitness.com\/fr\/wp-json\/wp\/v2\/pages\/4047\/revisions"}],"predecessor-version":[{"id":4080,"href":"https:\/\/bigdaddyfitness.com\/fr\/wp-json\/wp\/v2\/pages\/4047\/revisions\/4080"}],"wp:featuredmedia":[{"embeddable":true,"href":"https:\/\/bigdaddyfitness.com\/fr\/wp-json\/wp\/v2\/media\/2250"}],"wp:attachment":[{"href":"https:\/\/bigdaddyfitness.com\/fr\/wp-json\/wp\/v2\/media?parent=4047"}],"curies":[{"name":"wp","href":"https:\/\/api.w.org\/{rel}","templated":true}]}}